{"id":21,"date":"2021-02-10T16:09:17","date_gmt":"2021-02-10T15:09:17","guid":{"rendered":"https:\/\/lukowe.przemyska.pl\/?page_id=21"},"modified":"2026-02-16T15:49:19","modified_gmt":"2026-02-16T14:49:19","slug":"kontakt","status":"publish","type":"page","link":"https:\/\/lukowe.przemyska.pl\/index.php\/kontakt\/","title":{"rendered":"Kancelaria"},"content":{"rendered":"<p><span style=\"font-size: 12pt; font-family: 'book antiqua', palatino, serif;\"><img loading=\"lazy\" decoding=\"async\" class=\"size-medium wp-image-298 alignleft\" src=\"https:\/\/lukowe.przemyska.pl\/wp-content\/uploads\/2021\/02\/IMG_20210212_095122-225x300.jpg\" alt=\"\" width=\"225\" height=\"300\" srcset=\"https:\/\/lukowe.przemyska.pl\/wp-content\/uploads\/2021\/02\/IMG_20210212_095122-225x300.jpg 225w, https:\/\/lukowe.przemyska.pl\/wp-content\/uploads\/2021\/02\/IMG_20210212_095122.jpg 720w\" sizes=\"auto, (max-width: 225px) 85vw, 225px\" \/> <span style=\"font-size: 14pt;\"><strong>Parafia pw. NMP Kr\u00f3lowej Polski w \u0141ukowem<\/strong><\/span><\/span><\/p>\n<p><span style=\"font-family: book antiqua, palatino, serif; font-size: 14pt;\"><strong>\u0141ukowe 77<\/strong><\/span><\/p>\n<p><span style=\"font-family: book antiqua, palatino, serif; font-size: 14pt;\"><strong>38-516 Tarnawa Dolna<\/strong><\/span><\/p>\n<p><span style=\"font-family: book antiqua, palatino, serif; font-size: 14pt;\"><strong>Tel. 13 466 20 76&nbsp;<\/strong><\/span><\/p>\n<p style=\"text-align: justify;\"><span style=\"font-family: book antiqua, palatino, serif; font-size: 14pt; color: #008000;\"><strong>Kancelaria parafialna czynna w dni powszednie<\/strong><strong> bezpo\u015brednio<br \/>\npo Mszy \u015aw.<br \/>\nW n<\/strong><strong>iedziele, \u015bwi\u0119ta i uroczysto\u015bci &#8211; <span style=\"text-decoration: underline;\">Kancelaria nieczynna<\/span><\/strong><\/span><\/p>\n<p><span style=\"font-family: book antiqua, palatino, serif; font-size: 14pt;\"><strong>Numer Konta parafialnego:<\/strong><\/span><\/p>\n<p><span style=\"font-family: book antiqua, palatino, serif; font-size: 14pt;\"><strong>&nbsp; &nbsp; &nbsp; &nbsp; &nbsp; &nbsp; &nbsp; &nbsp; &nbsp; &nbsp; KONTO PODSTAWOWE &nbsp;&nbsp; 15 1240 2340 1111 0010 9612 8461<\/strong><\/span><\/p>\n<p><span style=\"font-family: book antiqua, palatino, serif; font-size: 14pt;\"><strong>&nbsp;&nbsp;&nbsp;&nbsp;&nbsp;&nbsp;&nbsp;&nbsp;&nbsp;&nbsp;&nbsp;&nbsp;&nbsp;&nbsp;&nbsp;&nbsp;&nbsp;&nbsp;&nbsp; KONTO REMONTOWE&nbsp; &nbsp; &nbsp; 46 1240 2340 1111 0011 2158 6426<\/strong><\/span><\/p>\n","protected":false},"excerpt":{"rendered":"<p>Parafia pw. NMP Kr\u00f3lowej Polski w \u0141ukowem \u0141ukowe 77 38-516 Tarnawa Dolna Tel. 13 466 20 76&nbsp; Kancelaria parafialna czynna w dni powszednie bezpo\u015brednio po Mszy \u015aw. W niedziele, \u015bwi\u0119ta i uroczysto\u015bci &#8211; Kancelaria nieczynna Numer Konta parafialnego: &nbsp; &nbsp; &nbsp; &nbsp; &nbsp; &nbsp; &nbsp; &nbsp; &nbsp; &nbsp; KONTO PODSTAWOWE &nbsp;&nbsp; 15 1240 2340 1111 &hellip; <a href=\"https:\/\/lukowe.przemyska.pl\/index.php\/kontakt\/\" class=\"more-link\">Czytaj dalej<span class=\"screen-reader-text\"> \u201eKancelaria\u201d<\/span><\/a><\/p>\n","protected":false},"author":1,"featured_media":0,"parent":0,"menu_order":6,"comment_status":"closed","ping_status":"closed","template":"","meta":{"ngg_post_thumbnail":0,"footnotes":""},"class_list":["post-21","page","type-page","status-publish","hentry"],"_links":{"self":[{"href":"https:\/\/lukowe.przemyska.pl\/index.php\/wp-json\/wp\/v2\/pages\/21","targetHints":{"allow":["GET"]}}],"collection":[{"href":"https:\/\/lukowe.przemyska.pl\/index.php\/wp-json\/wp\/v2\/pages"}],"about":[{"href":"https:\/\/lukowe.przemyska.pl\/index.php\/wp-json\/wp\/v2\/types\/page"}],"author":[{"embeddable":true,"href":"https:\/\/lukowe.przemyska.pl\/index.php\/wp-json\/wp\/v2\/users\/1"}],"replies":[{"embeddable":true,"href":"https:\/\/lukowe.przemyska.pl\/index.php\/wp-json\/wp\/v2\/comments?post=21"}],"version-history":[{"count":17,"href":"https:\/\/lukowe.przemyska.pl\/index.php\/wp-json\/wp\/v2\/pages\/21\/revisions"}],"predecessor-version":[{"id":3235,"href":"https:\/\/lukowe.przemyska.pl\/index.php\/wp-json\/wp\/v2\/pages\/21\/revisions\/3235"}],"wp:attachment":[{"href":"https:\/\/lukowe.przemyska.pl\/index.php\/wp-json\/wp\/v2\/media?parent=21"}],"curies":[{"name":"wp","href":"https:\/\/api.w.org\/{rel}","templated":true}]}}