{"id":196,"date":"2021-02-10T21:21:20","date_gmt":"2021-02-10T20:21:20","guid":{"rendered":"https:\/\/lukowe.przemyska.pl\/?page_id=196"},"modified":"2021-02-10T21:23:11","modified_gmt":"2021-02-10T20:23:11","slug":"spowiedz-swieta","status":"publish","type":"page","link":"https:\/\/lukowe.przemyska.pl\/index.php\/parafia\/duszpasterstwo\/spowiedz-swieta\/","title":{"rendered":"Spowied\u017a \u015awi\u0119ta"},"content":{"rendered":"<p><img decoding=\"async\" class=\"alignleft\" src=\"http:\/\/hyzne.przemyska.pl\/wp-content\/uploads\/2018\/09\/spowiedz_baner-723x347_c-300x144.jpg\"><\/p>\n<p style=\"text-align: justify;\">Sakrament spowiedzi nazywany jest inaczej sakramentem Bo\u017cego Mi\u0142osierdzia lub Pokuty i Pojednania. W naszej parafii z sakramentu spowiedzi mo\u017cna skorzysta\u0107 przed ka\u017cd\u0105 Msz\u0105 \u015bw. zar\u00f3wno w dni powszednie jak i w niedziele.&nbsp;<\/p>\n<p style=\"text-align: justify;\"><strong>UWAGI PRAKTYCZNE<\/strong><\/p>\n<ol style=\"text-align: justify;\">\n<li>Aby spowied\u017a by\u0142a owocna i dobrze prze\u017cyta nale\u017cy si\u0119 do niej dobrze przygotowa\u0107 poprzez solidny rachunek sumienia. Nieodprawienie rachunku sumienia jest lekcewa\u017ceniem sakramentu spowiedzi.&nbsp;&nbsp;<\/li>\n<li>Przed przyst\u0105pieniem do spowiedzi warto pomodli\u0107 si\u0119 do Ducha \u015awi\u0119tego o \u0142ask\u0119 szczerej spowiedzi.<\/li>\n<li>Przy konfesjonale nie powinni\u015bmy zapomina\u0107 o znaku krzy\u017ca i zas\u0142oni\u0119ciu ust, tak by inni penitenci nas nie s\u0142uchali.&nbsp;<\/li>\n<li>Mo\u017cna poprosi\u0107 kap\u0142ana o indywidualn\u0105 spowied\u017a w innych godzinach ni\u017c wyznaczone.&nbsp;<\/li>\n<\/ol>\n<p style=\"text-align: justify;\"><strong>Godziny spowiedzi:<\/strong><\/p>\n<p style=\"text-align: justify;\">30 min przed ka\u017cd\u0105 Msz\u0105 \u015bwi\u0119t\u0105<\/p>\n","protected":false},"excerpt":{"rendered":"<p>Sakrament spowiedzi nazywany jest inaczej sakramentem Bo\u017cego Mi\u0142osierdzia lub Pokuty i Pojednania. W naszej parafii z sakramentu spowiedzi mo\u017cna skorzysta\u0107 przed ka\u017cd\u0105 Msz\u0105 \u015bw. zar\u00f3wno w dni powszednie jak i w niedziele.&nbsp; UWAGI PRAKTYCZNE Aby spowied\u017a by\u0142a owocna i dobrze prze\u017cyta nale\u017cy si\u0119 do niej dobrze przygotowa\u0107 poprzez solidny rachunek sumienia. Nieodprawienie rachunku sumienia jest &hellip; <a href=\"https:\/\/lukowe.przemyska.pl\/index.php\/parafia\/duszpasterstwo\/spowiedz-swieta\/\" class=\"more-link\">Czytaj dalej<span class=\"screen-reader-text\"> \u201eSpowied\u017a \u015awi\u0119ta\u201d<\/span><\/a><\/p>\n","protected":false},"author":1,"featured_media":0,"parent":183,"menu_order":2,"comment_status":"closed","ping_status":"closed","template":"","meta":{"ngg_post_thumbnail":0,"footnotes":""},"class_list":["post-196","page","type-page","status-publish","hentry"],"_links":{"self":[{"href":"https:\/\/lukowe.przemyska.pl\/index.php\/wp-json\/wp\/v2\/pages\/196","targetHints":{"allow":["GET"]}}],"collection":[{"href":"https:\/\/lukowe.przemyska.pl\/index.php\/wp-json\/wp\/v2\/pages"}],"about":[{"href":"https:\/\/lukowe.przemyska.pl\/index.php\/wp-json\/wp\/v2\/types\/page"}],"author":[{"embeddable":true,"href":"https:\/\/lukowe.przemyska.pl\/index.php\/wp-json\/wp\/v2\/users\/1"}],"replies":[{"embeddable":true,"href":"https:\/\/lukowe.przemyska.pl\/index.php\/wp-json\/wp\/v2\/comments?post=196"}],"version-history":[{"count":2,"href":"https:\/\/lukowe.przemyska.pl\/index.php\/wp-json\/wp\/v2\/pages\/196\/revisions"}],"predecessor-version":[{"id":198,"href":"https:\/\/lukowe.przemyska.pl\/index.php\/wp-json\/wp\/v2\/pages\/196\/revisions\/198"}],"up":[{"embeddable":true,"href":"https:\/\/lukowe.przemyska.pl\/index.php\/wp-json\/wp\/v2\/pages\/183"}],"wp:attachment":[{"href":"https:\/\/lukowe.przemyska.pl\/index.php\/wp-json\/wp\/v2\/media?parent=196"}],"curies":[{"name":"wp","href":"https:\/\/api.w.org\/{rel}","templated":true}]}}